{"id":630,"date":"2015-05-19T13:18:09","date_gmt":"2015-05-19T11:18:09","guid":{"rendered":"http:\/\/www.machautmachine.com\/?page_id=630"},"modified":"2016-05-26T09:43:03","modified_gmt":"2016-05-26T07:43:03","slug":"14-04-18","status":"publish","type":"page","link":"https:\/\/www.machautmachine.com\/en\/program\/14-04-18\/","title":{"rendered":"18 April 2014"},"content":{"rendered":"<p><\/p>\n<p>Heinrich Sch\u00fctz <em>(1585-1672)<\/em><br \/>\n<div style=\"padding-left: 30px;\">\u00c4ra vare Kristus, som har lidit n\u00f6d from the <em>St. Matthew Passion<\/em><\/div><\/p>\n<p>Perotin <em>(fl. c. 1200)<\/em><br \/>\n<div style=\"padding-left: 30px;\">Verbum bonum et suave<\/div><\/p>\n<p>J. S. Bach <em>(1685-1750)<\/em><br \/>\n<div style=\"padding-left: 30px;\">O Jesu k\u00e4r, vad har v\u00e4l Du f\u00f6rbrutit from the <em>St. Matthew Passion<\/em><\/div><\/p>\n<p>Gavin Bryars <em>(1943)<\/em><br \/>\n<div style=\"padding-left: 30px;\">Omne homo from <em>Laude Cortonese<\/em><\/div><\/p>\n<p><\/p>","protected":false},"excerpt":{"rendered":"<p>Heinrich Sch\u00fctz (1585-1672) Perotin (fl. c. 1200) J. S. Bach (1685-1750) Gavin Bryars (1943)<\/p>\n","protected":false},"author":2,"featured_media":0,"parent":586,"menu_order":1,"comment_status":"closed","ping_status":"open","template":"","meta":{"footnotes":""},"class_list":["post-630","page","type-page","status-publish","hentry"],"_links":{"self":[{"href":"https:\/\/www.machautmachine.com\/en\/wp-json\/wp\/v2\/pages\/630","targetHints":{"allow":["GET"]}}],"collection":[{"href":"https:\/\/www.machautmachine.com\/en\/wp-json\/wp\/v2\/pages"}],"about":[{"href":"https:\/\/www.machautmachine.com\/en\/wp-json\/wp\/v2\/types\/page"}],"author":[{"embeddable":true,"href":"https:\/\/www.machautmachine.com\/en\/wp-json\/wp\/v2\/users\/2"}],"replies":[{"embeddable":true,"href":"https:\/\/www.machautmachine.com\/en\/wp-json\/wp\/v2\/comments?post=630"}],"version-history":[{"count":3,"href":"https:\/\/www.machautmachine.com\/en\/wp-json\/wp\/v2\/pages\/630\/revisions"}],"predecessor-version":[{"id":982,"href":"https:\/\/www.machautmachine.com\/en\/wp-json\/wp\/v2\/pages\/630\/revisions\/982"}],"up":[{"embeddable":true,"href":"https:\/\/www.machautmachine.com\/en\/wp-json\/wp\/v2\/pages\/586"}],"wp:attachment":[{"href":"https:\/\/www.machautmachine.com\/en\/wp-json\/wp\/v2\/media?parent=630"}],"curies":[{"name":"wp","href":"https:\/\/api.w.org\/{rel}","templated":true}]}}