{"id":649,"date":"2015-05-19T13:33:41","date_gmt":"2015-05-19T11:33:41","guid":{"rendered":"http:\/\/www.machautmachine.com\/?page_id=649"},"modified":"2015-05-19T13:34:33","modified_gmt":"2015-05-19T11:34:33","slug":"14-08-28-intro","status":"publish","type":"page","link":"https:\/\/www.machautmachine.com\/en\/program\/14-08-28-intro\/","title":{"rendered":"Inledning NoMeMus 2014"},"content":{"rendered":"<p class=\"qtranxs-available-languages-message qtranxs-available-languages-message-en\">Sorry, this entry is only available in <a href=\"https:\/\/www.machautmachine.com\/sv\/wp-json\/wp\/v2\/pages\/649\" class=\"qtranxs-available-language-link qtranxs-available-language-link-sv\" title=\"Svenska\">Svenska<\/a>.<\/p><p><\/p>\n<p><em>Quomodo cantabimus canticum Domini in terra aliena?<\/em><\/p>\n<p>Hur ska vi sjunga Herrens s\u00e5ng i ett fr\u00e4mmande land?<br \/>\nHur ska vi sjunga den gamla tidens s\u00e5ng i en ny tid?<\/p>\n<p>Den fr\u00e5gan st\u00e4ller sig <a href=\"http:\/\/gavinbryars.com\" title=\"Gavin Bryars\" target=\"_blank\">Gavin Bryars<\/a> i sin <em>Super flumina<\/em>, men vad g\u00f6r egentligen den h\u00f6gst levande tons\u00e4ttaren Gavin Bryars p\u00e5 en festival f\u00f6r medeltida musik, i ett program med Mariamusik fr\u00e5n 1200-, 1300- och 1400-talet? Ja, det \u00e4r inte s\u00e5 konstigt som det verkar.<\/p>\n<p>Gavin Bryars svar p\u00e5 fr\u00e5gan \u00e4r n\u00e4mligen att sjunga den gamla tidens s\u00e5nger p\u00e5 den nya tidens spr\u00e5k.<\/p>\n<p><em>Super flumina<\/em> skrevs \u00e5r 2000 f\u00f6r \u00f6ppnandet av York Early Music Centre (numera National Centre of Early Music), och bygger p\u00e5 en legend fr\u00e5n St. Mary&#8217;s kloster i York. \u00c5r 1377 (samma \u00e5r som Guillaume de Machaut dog) hittade fiskare den livl\u00f6sa kroppen av en ung flicka i floden Ouse. Flickan f\u00f6rdes till det n\u00e4rbel\u00e4gna klostret, d\u00e4r munkarna bad om jungfru Marias hj\u00e4lp, och n\u00e4r munkarna hade b\u00f6rjat sjunga hymnen <em>Ave Regina caelorum<\/em> slog flickan upp \u00f6gonen. Gavin Bryars stycke ber\u00e4ttar historien genom fragment av texter och musik &#8211; genom hymnen &#8220;Ave Regina caelorum&#8221; och genom psalm 137, &#8220;Vid Babylons floder&#8221;, men omskriven till &#8220;Vid Yorks floder&#8221; &#8211; med den gamla tidens s\u00e5nger p\u00e5 den nya tidens spr\u00e5k.<\/p>\n<p><em>Laude Cortonese<\/em> \u00e4r en v\u00e4xande samling s\u00e5nger (nu drygt 40 stycken) som bygger p\u00e5 en samling i ett manuskript fr\u00e5n 1200-talets Cortona. D\u00e4r stod s\u00e5 kallade &#8220;laudesi&#8221; utanf\u00f6r kyrkorna och sj\u00f6ng s\u00e5nger, laude, f\u00f6r att locka in f\u00f6rsamlingen till kyrkan. Dessa s\u00e5nger ingick inte i den liturgiska repertoaren och var ofta hyllningar till jungfru Maria. N\u00e4r han h\u00f6rde <a href=\"http:\/\/triomediaeval.no\" title=\"Trio Medieaval\" target=\"_blank\">Trio Medieaval<\/a> sjunga laude p\u00e5 sin f\u00f6rsta skiva 2002 inspirerades Gavin Bryars till att skriva egna laude f\u00f6r ensemblen, med de medeltida s\u00e5ngerna som f\u00f6rlagor. Han skrev sina f\u00f6rsta laude f\u00f6r en ensam sopranr\u00f6st (Anna-Maria Friman i Trio Medieaval), men har senare skrivit f\u00f6r fler r\u00f6ster och \u00e4ven f\u00f6r r\u00f6ster och instrument. Vi framf\u00f6r tre av Bryars laude, f\u00f6r en, tv\u00e5 och tre r\u00f6ster.<\/p>\n<p>Gavin Bryars musik h\u00f6rdes ocks\u00e5 h\u00e4r p\u00e5 NoMeMus f\u00f6r tv\u00e5 \u00e5r sedan n\u00e4r Trio Medieaval framf\u00f6rde sin <em>A Worcester Ladymass<\/em>, en anonym m\u00e4ssa fr\u00e5n 1200-talet, som \u00e4ven inneh\u00f6ll tv\u00e5 nyskrivna satser av Gavin Bryars.<\/p>\n<p>S\u00e5 Gavin Bryars \u00e4r h\u00f6gst relevant p\u00e5 en festival d\u00e4r vi sjunger den gamla tidens s\u00e5nger p\u00e5 den nya tidens spr\u00e5k.<\/p>\n<p><\/p>","protected":false},"excerpt":{"rendered":"<p>Sorry, this entry is only available in Svenska. Quomodo cantabimus canticum Domini in terra aliena? Hur ska vi sjunga Herrens s\u00e5ng i ett fr\u00e4mmande land? Hur ska vi sjunga den gamla tidens s\u00e5ng i en ny tid? Den fr\u00e5gan st\u00e4ller sig Gavin Bryars i sin Super flumina, men vad g\u00f6r egentligen den h\u00f6gst levande tons\u00e4ttaren &hellip; <a href=\"https:\/\/www.machautmachine.com\/en\/program\/14-08-28-intro\/\" class=\"more-link\">Continue reading <span class=\"screen-reader-text\">Inledning NoMeMus 2014<\/span><\/a><\/p>\n","protected":false},"author":2,"featured_media":0,"parent":586,"menu_order":0,"comment_status":"closed","ping_status":"open","template":"","meta":{"footnotes":""},"class_list":["post-649","page","type-page","status-publish","hentry"],"_links":{"self":[{"href":"https:\/\/www.machautmachine.com\/en\/wp-json\/wp\/v2\/pages\/649","targetHints":{"allow":["GET"]}}],"collection":[{"href":"https:\/\/www.machautmachine.com\/en\/wp-json\/wp\/v2\/pages"}],"about":[{"href":"https:\/\/www.machautmachine.com\/en\/wp-json\/wp\/v2\/types\/page"}],"author":[{"embeddable":true,"href":"https:\/\/www.machautmachine.com\/en\/wp-json\/wp\/v2\/users\/2"}],"replies":[{"embeddable":true,"href":"https:\/\/www.machautmachine.com\/en\/wp-json\/wp\/v2\/comments?post=649"}],"version-history":[{"count":2,"href":"https:\/\/www.machautmachine.com\/en\/wp-json\/wp\/v2\/pages\/649\/revisions"}],"predecessor-version":[{"id":651,"href":"https:\/\/www.machautmachine.com\/en\/wp-json\/wp\/v2\/pages\/649\/revisions\/651"}],"up":[{"embeddable":true,"href":"https:\/\/www.machautmachine.com\/en\/wp-json\/wp\/v2\/pages\/586"}],"wp:attachment":[{"href":"https:\/\/www.machautmachine.com\/en\/wp-json\/wp\/v2\/media?parent=649"}],"curies":[{"name":"wp","href":"https:\/\/api.w.org\/{rel}","templated":true}]}}