{"id":668,"date":"2015-05-19T16:21:08","date_gmt":"2015-05-19T14:21:08","guid":{"rendered":"http:\/\/www.machautmachine.com\/?page_id=668"},"modified":"2026-02-16T09:50:16","modified_gmt":"2026-02-16T08:50:16","slug":"13-03-29","status":"publish","type":"page","link":"https:\/\/www.machautmachine.com\/en\/program\/13-03-29\/","title":{"rendered":"29 March 2013"},"content":{"rendered":"<p><\/p>\n<p>Gregorian chant<br \/>\n<em>Pange lingua gloriosi<\/em> <em>Thomas Aquinas<\/em><\/p>\n<p>J. S. Bach <em>(1685 \u2013\u00a01750)<\/em><br \/>\n<em>O Jesu k\u00e4r, vad har v\u00e4l du f\u00f6rbrutit<\/em> from the <em>St. Matthew Passion<\/em><\/p>\n<p>Gavin Bryars <em>(1943)<\/em><br \/>\n<em>Laude novella<\/em> from <em>Laude Cortonese<\/em><\/p>\n<p>Arr. Oskar Lindblad <em>(1887 \u2013\u00a01955)<\/em><br \/>\n<em>Stilla, sk\u00f6na aftontimma<\/em><\/p>\n<p><\/p>","protected":false},"excerpt":{"rendered":"<p>Gregorian chant Pange lingua gloriosi Thomas Aquinas J. S. Bach (1685 \u2013\u00a01750) O Jesu k\u00e4r, vad har v\u00e4l du f\u00f6rbrutit from the St. Matthew Passion Gavin Bryars (1943) Laude novella from Laude Cortonese Arr. Oskar Lindblad (1887 \u2013\u00a01955) Stilla, sk\u00f6na aftontimma<\/p>\n","protected":false},"author":2,"featured_media":0,"parent":586,"menu_order":0,"comment_status":"closed","ping_status":"open","template":"","meta":{"footnotes":""},"class_list":["post-668","page","type-page","status-publish","hentry"],"_links":{"self":[{"href":"https:\/\/www.machautmachine.com\/en\/wp-json\/wp\/v2\/pages\/668","targetHints":{"allow":["GET"]}}],"collection":[{"href":"https:\/\/www.machautmachine.com\/en\/wp-json\/wp\/v2\/pages"}],"about":[{"href":"https:\/\/www.machautmachine.com\/en\/wp-json\/wp\/v2\/types\/page"}],"author":[{"embeddable":true,"href":"https:\/\/www.machautmachine.com\/en\/wp-json\/wp\/v2\/users\/2"}],"replies":[{"embeddable":true,"href":"https:\/\/www.machautmachine.com\/en\/wp-json\/wp\/v2\/comments?post=668"}],"version-history":[{"count":4,"href":"https:\/\/www.machautmachine.com\/en\/wp-json\/wp\/v2\/pages\/668\/revisions"}],"predecessor-version":[{"id":1472,"href":"https:\/\/www.machautmachine.com\/en\/wp-json\/wp\/v2\/pages\/668\/revisions\/1472"}],"up":[{"embeddable":true,"href":"https:\/\/www.machautmachine.com\/en\/wp-json\/wp\/v2\/pages\/586"}],"wp:attachment":[{"href":"https:\/\/www.machautmachine.com\/en\/wp-json\/wp\/v2\/media?parent=668"}],"curies":[{"name":"wp","href":"https:\/\/api.w.org\/{rel}","templated":true}]}}