{"id":77,"date":"2013-10-03T14:36:10","date_gmt":"2013-10-03T12:36:10","guid":{"rendered":"http:\/\/machautmachine.com.loopiadns.com\/?page_id=77"},"modified":"2026-02-16T10:17:40","modified_gmt":"2026-02-16T09:17:40","slug":"2013-2","status":"publish","type":"page","link":"https:\/\/www.machautmachine.com\/en\/2013-2\/","title":{"rendered":"2013"},"content":{"rendered":"<p><p>Guillaume de Machaut <em>(c. 1300 \u2013 1377)<\/em><br \/>\r\n<em>Kyrie<\/em> from <em>Messe de Nostre Dame<\/em><\/p>\r\n\r\n<p>W. J. Kirkpatrick <em>(1838 \u2013\u00a01921)<\/em><br \/>\r\n<em>Ej upplysta g\u00e5rdar<\/em> (arr. David Willcocks)<\/p>\r\n\r\n<p>Carl Nielsen <em>(1865 \u2013\u00a01931)<\/em><br \/>\r\n<em>F\u00f6runderligt och m\u00e4rkligt<\/em><\/p>\r\n\r\n<p>Guillaume de Machaut<br \/>\r\n<em>Sanctus<\/em> from <em>Messe de Nostre Dame<\/em><\/p>\r\n\r\n<p>John F. Wade <em>(1711 \u2013\u00a01786)<\/em><br \/>\r\n<em>K\u00f5ik usklikud tulge<\/em> (Adeste fideles)<\/p>\r\n\r\n<p>Josquin Des Prez <em>(c. 1450 \u2013\u00a01521)<\/em><br \/>\r\n<em>Sanctus<\/em> from <em>Missa Pange lingua<\/em><div id=\"131215-link-77\" class=\"sh-link 131215-link sh-hide\"><p><a href=\"#\" onclick=\"showhide_toggle('131215', 77, 'Program', 'Program (st\u00e4ng)'); return false;\"><span id=\"131215-toggle-77\">[Close]<\/span><\/a><\/p><\/div><\/div>\n<h4>26\/10 14:00<\/h4>\n<p>Str\u00f8get, K\u00f6penhamn<\/p>\n<div id=\"131026-link-654\" class=\"sh-link 131026-link sh-hide\"><a href=\"#\" onclick=\"showhide_toggle('131026', 654, 'Program', 'Program (st\u00e4ng)'); return false;\"><span id=\"131026-toggle-654\">Program<\/span><\/a><\/div><div id=\"131026-content-654\" class=\"sh-content 131026-content sh-hide\" style=\"display: none;\"><br \/>\n<p>Josquin Des Prez <em>(c. 1450 \u2013\u00a01521)<\/em><br \/>\r\n<em>Missa Pange lingua<\/em><br \/>\r\nKyrie<br \/>\r\nGloria<br \/>\r\nCredo<br \/>\r\nSanctus<br \/>\r\nBenedictus<br \/>\r\nAgnus Dei<\/p><div id=\"131026-link-654\" class=\"sh-link 131026-link sh-hide\"><p><a href=\"#\" onclick=\"showhide_toggle('131026', 654, 'Program', 'Program (st\u00e4ng)'); return false;\"><span id=\"131026-toggle-654\">[Close]<\/span><\/a><\/p><\/div><\/div>\n<h4>21\/9 20:00<\/h4>\n<p><a title=\"Kulturnatten\" href=\"https:\/\/lund.se\/uppleva-och-gora\/vad-hander-i-lunds-kommun\/kulturnatten\" target=\"_blank\">Kulturnatten<\/a><br \/>\nKlosterkyrkan, Lund<\/p>\n<div id=\"130921-link-659\" class=\"sh-link 130921-link sh-hide\"><a href=\"#\" onclick=\"showhide_toggle('130921', 659, 'Program', 'Program (st\u00e4ng)'); return false;\"><span id=\"130921-toggle-659\">Program<\/span><\/a><\/div><div id=\"130921-content-659\" class=\"sh-content 130921-content sh-hide\" style=\"display: none;\"><br \/>\n<p>Trad. Georgia<br \/>\r\n<em>Ts'mindao G'merto<\/em> (Holy God)<\/p>\r\n\r\n<p>Gavin Bryars <em>(1943)<\/em><br \/>\r\n<em>Laude novella<\/em> from <em>Laude Cortonese<\/em><\/p>\r\n\r\n<p>Ivan Moody <em>(1964)<\/em><br \/>\r\n<em>Canticum Canticorum I<\/em><br \/>\r\nSurge, propera amica mea<br \/>\r\nDescendi in hortum meum<br \/>\r\nEgo dilecto meo<\/p>\r\n\r\n<p>Josquin Des Prez <em>(c. 1450 \u2013\u00a01521)<\/em><br \/>\r\n<em>Missa Pange lingua<\/em><br \/>\r\nKyrie<br \/>\r\nGloria<br \/>\r\nSanctus<br \/>\r\nBenedictus<br \/>\r\nAgnus Dei<\/p>\r\n\r\n<p>Ivan Moody<br \/>\r\n<em>Canticum Canticorum II<\/em><br \/>\r\nPrologue<br \/>\r\nLet him kiss me<br \/>\r\nDraw me, we will run after thee<br \/>\r\nI am black but comely<br \/>\r\nDraw me, we will run after thee<br \/>\r\nTell me, o thou whom my soul loveth<br \/>\r\nEpilogue<\/p><div id=\"130921-link-659\" class=\"sh-link 130921-link sh-hide\"><p><a href=\"#\" onclick=\"showhide_toggle('130921', 659, 'Program', 'Program (st\u00e4ng)'); return false;\"><span id=\"130921-toggle-659\">[Close]<\/span><\/a><\/p><\/div><\/div>\n<h4>29\/3 11:00<\/h4>\n<p><a title=\"Mariakyrkan\" href=\"https:\/\/www.svenskakyrkan.se\/malmo\/sanktamariakyrka\" target=\"_blank\">L\u00e5ngfredagsgudstj\u00e4nst<\/a><br \/>\nMariakyrkan, Malm\u00f6<\/p>\n<div id=\"130329-link-663\" class=\"sh-link 130329-link sh-hide\"><a href=\"#\" onclick=\"showhide_toggle('130329', 663, 'Program', 'Program (st\u00e4ng)'); return false;\"><span id=\"130329-toggle-663\">Program<\/span><\/a><\/div><div id=\"130329-content-663\" class=\"sh-content 130329-content sh-hide\" style=\"display: none;\"><br \/>\n<p>Gregorian chant<br \/>\r\n<em>Pange lingua gloriosi<\/em> <em>Thomas Aquinas<\/em><\/p>\r\n\r\n<p>J. S. Bach <em>(1685 \u2013\u00a01750)<\/em><br \/>\r\n<em>O Jesu k\u00e4r, vad har v\u00e4l du f\u00f6rbrutit<\/em> from the <em>St. Matthew Passion<\/em><\/p>\r\n\r\n<p>Gavin Bryars <em>(1943)<\/em><br \/>\r\n<em>Laude novella<\/em> from <em>Laude Cortonese<\/em><\/p>\r\n\r\n<p>Arr. Oskar Lindblad <em>(1887 \u2013\u00a01955)<\/em><br \/>\r\n<em>Stilla, sk\u00f6na aftontimma<\/em><\/p><div id=\"130329-link-663\" class=\"sh-link 130329-link sh-hide\"><p><a href=\"#\" onclick=\"showhide_toggle('130329', 663, 'Program', 'Program (st\u00e4ng)'); return false;\"><span id=\"130329-toggle-663\">[Close]<\/span><\/a><\/p><\/div><\/div>\n<h4>15\/3 21:00<\/h4>\n<p><a title=\"Johanneskyrkan\" href=\"https:\/\/www.svenskakyrkan.se\/malmo\/sanktjohanneskyrka\" target=\"_blank\">Nattkyrkan<\/a><br \/>\nJohanneskyrkan, Malm\u00f6<\/p>\n<p><div id=\"130315-link-668\" class=\"sh-link 130315-link sh-hide\"><a href=\"#\" onclick=\"showhide_toggle('130315', 668, 'Program', 'Program (st\u00e4ng)'); return false;\"><span id=\"130315-toggle-668\">Program<\/span><\/a><\/div><div id=\"130315-content-668\" class=\"sh-content 130315-content sh-hide\" style=\"display: none;\"><br \/>\n<p>Gregorian chant<br \/>\r\n<em>Pange lingua gloriosi<\/em> <em>Thomas Aquinas<\/em><\/p>\r\n\r\n<p>Trad. Georgia<br \/>\r\n<em>Ts'mindao G'merto<\/em> (Holy God)<\/p>\r\n\r\n<p>Perotinus <em>(fl. c. 1200)<\/em><br \/>\r\n<em>Beata viscera<\/em><br \/>\r\n<em>Verbum bonum et suave<\/em><\/p>\r\n\r\n<p>Trad. Georgia<br \/>\r\n<em>Ts'intsq'aro<\/em><\/p>\r\n\r\n<p>John Plummer <em>(c. 1410 \u2013\u00a01480)<\/em><br \/>\r\n<em>Tota pulchra es<\/em><\/p>\r\n\r\n<p>John Dunstable <em>(c. 1390 \u2013\u00a01453)<\/em><br \/>\r\n<em>Quam pulchra es<\/em><br \/>\r\n<em>Sancta Maria<\/em><\/p>\r\n\r\n<p>Trad. Georgia<br \/>\r\n<em>Sjen char venachi<\/em> (Thou Art the Vine)<br \/>\r\n<em>Tchenoschnuri<\/em><\/p><div id=\"130315-link-668\" class=\"sh-link 130315-link sh-hide\"><p><a href=\"#\" onclick=\"showhide_toggle('130315', 668, 'Program', 'Program (st\u00e4ng)'); return false;\"><span id=\"130315-toggle-668\">[Close]<\/span><\/a><\/p><\/div><\/div><\/p>\n<h4>15 December 13:00<\/h4>\n<p><a title =\"EELK L\u00f5una-Rootsi kogudus\" href=\"https:\/\/estniskahusetilund.wordpress.com\/category\/e-e-l-k\/\" target=\"_blank\">Christmas service, Estonian congregation of southern Sweden<\/a><br \/>\nSt. Peter&#8217;s Priory, Lund<\/p>\n<div id=\"131215-link-671\" class=\"sh-link 131215-link sh-hide\"><a href=\"#\" onclick=\"showhide_toggle('131215', 671, 'Programme', 'Programme (close)'); return false;\"><span id=\"131215-toggle-671\">Programme<\/span><\/a><\/div><div id=\"131215-content-671\" class=\"sh-content 131215-content sh-hide\" style=\"display: none;\"><br \/>\n<p>Guillaume de Machaut <em>(c. 1300 \u2013 1377)<\/em><br \/>\r\n<em>Kyrie<\/em> from <em>Messe de Nostre Dame<\/em><\/p>\r\n\r\n<p>W. J. Kirkpatrick <em>(1838 \u2013\u00a01921)<\/em><br \/>\r\n<em>Ej upplysta g\u00e5rdar<\/em> (arr. David Willcocks)<\/p>\r\n\r\n<p>Carl Nielsen <em>(1865 \u2013\u00a01931)<\/em><br \/>\r\n<em>F\u00f6runderligt och m\u00e4rkligt<\/em><\/p>\r\n\r\n<p>Guillaume de Machaut<br \/>\r\n<em>Sanctus<\/em> from <em>Messe de Nostre Dame<\/em><\/p>\r\n\r\n<p>John F. Wade <em>(1711 \u2013\u00a01786)<\/em><br \/>\r\n<em>K\u00f5ik usklikud tulge<\/em> (Adeste fideles)<\/p>\r\n\r\n<p>Josquin Des Prez <em>(c. 1450 \u2013\u00a01521)<\/em><br \/>\r\n<em>Sanctus<\/em> from <em>Missa Pange lingua<\/em><div id=\"131215-link-671\" class=\"sh-link 131215-link sh-hide\"><p><a href=\"#\" onclick=\"showhide_toggle('131215', 671, 'Programme', 'Programme (close)'); return false;\"><span id=\"131215-toggle-671\">[Close]<\/span><\/a><\/p><\/div><\/div>\n<h4>26 October 14:00<\/h4>\n<p>Str\u00f8get, Copenhagen<\/p>\n<div id=\"131026-link-654\" class=\"sh-link 131026-link sh-hide\"><a href=\"#\" onclick=\"showhide_toggle('131026', 654, 'Programme', 'Programme (close)'); return false;\"><span id=\"131026-toggle-654\">Programme<\/span><\/a><\/div><div id=\"131026-content-654\" class=\"sh-content 131026-content sh-hide\" style=\"display: none;\"><br \/>\n<p>Josquin Des Prez <em>(c. 1450 \u2013\u00a01521)<\/em><br \/>\r\n<em>Missa Pange lingua<\/em><br \/>\r\nKyrie<br \/>\r\nGloria<br \/>\r\nCredo<br \/>\r\nSanctus<br \/>\r\nBenedictus<br \/>\r\nAgnus Dei<\/p><div id=\"131026-link-654\" class=\"sh-link 131026-link sh-hide\"><p><a href=\"#\" onclick=\"showhide_toggle('131026', 654, 'Programme', 'Programme (close)'); return false;\"><span id=\"131026-toggle-654\">[Close]<\/span><\/a><\/p><\/div><\/div>\n<h4>21 September 20:00<\/h4>\n<p><a title=\"Kulturnatten\" href=\"https:\/\/lund.se\/uppleva-och-gora\/vad-hander-i-lunds-kommun\/kulturnatten\" target=\"_blank\">Kulturnatten<\/a><br \/>\nSt. Peter&#8217;s Priory, Lund<\/p>\n<div id=\"130921-link-659\" class=\"sh-link 130921-link sh-hide\"><a href=\"#\" onclick=\"showhide_toggle('130921', 659, 'Programme', 'Programme (close)'); return false;\"><span id=\"130921-toggle-659\">Programme<\/span><\/a><\/div><div id=\"130921-content-659\" class=\"sh-content 130921-content sh-hide\" style=\"display: none;\"><br \/>\n<p>Trad. Georgia<br \/>\r\n<em>Ts'mindao G'merto<\/em> (Holy God)<\/p>\r\n\r\n<p>Gavin Bryars <em>(1943)<\/em><br \/>\r\n<em>Laude novella<\/em> from <em>Laude Cortonese<\/em><\/p>\r\n\r\n<p>Ivan Moody <em>(1964)<\/em><br \/>\r\n<em>Canticum Canticorum I<\/em><br \/>\r\nSurge, propera amica mea<br \/>\r\nDescendi in hortum meum<br \/>\r\nEgo dilecto meo<\/p>\r\n\r\n<p>Josquin Des Prez <em>(c. 1450 \u2013\u00a01521)<\/em><br \/>\r\n<em>Missa Pange lingua<\/em><br \/>\r\nKyrie<br \/>\r\nGloria<br \/>\r\nSanctus<br \/>\r\nBenedictus<br \/>\r\nAgnus Dei<\/p>\r\n\r\n<p>Ivan Moody<br \/>\r\n<em>Canticum Canticorum II<\/em><br \/>\r\nPrologue<br \/>\r\nLet him kiss me<br \/>\r\nDraw me, we will run after thee<br \/>\r\nI am black but comely<br \/>\r\nDraw me, we will run after thee<br \/>\r\nTell me, o thou whom my soul loveth<br \/>\r\nEpilogue<\/p><div id=\"130921-link-659\" class=\"sh-link 130921-link sh-hide\"><p><a href=\"#\" onclick=\"showhide_toggle('130921', 659, 'Programme', 'Programme (close)'); return false;\"><span id=\"130921-toggle-659\">[Close]<\/span><\/a><\/p><\/div><\/div>\n<h4>29 March 11:00<\/h4>\n<p><a title=\"Mariakyrkan\" href=\"https:\/\/www.svenskakyrkan.se\/malmo\/sanktamariakyrka\" target=\"_blank\">Good Friday service<\/a><br \/>\nSt. Mary&#8217;s Church, Malm\u00f6<\/p>\n<div id=\"130329-link-663\" class=\"sh-link 130329-link sh-hide\"><a href=\"#\" onclick=\"showhide_toggle('130329', 663, 'Programme', 'Programme (close)'); return false;\"><span id=\"130329-toggle-663\">Programme<\/span><\/a><\/div><div id=\"130329-content-663\" class=\"sh-content 130329-content sh-hide\" style=\"display: none;\"><br \/>\n<p>Gregorian chant<br \/>\r\n<em>Pange lingua gloriosi<\/em> <em>Thomas Aquinas<\/em><\/p>\r\n\r\n<p>J. S. Bach <em>(1685 \u2013\u00a01750)<\/em><br \/>\r\n<em>O Jesu k\u00e4r, vad har v\u00e4l du f\u00f6rbrutit<\/em> from the <em>St. Matthew Passion<\/em><\/p>\r\n\r\n<p>Gavin Bryars <em>(1943)<\/em><br \/>\r\n<em>Laude novella<\/em> from <em>Laude Cortonese<\/em><\/p>\r\n\r\n<p>Arr. Oskar Lindblad <em>(1887 \u2013\u00a01955)<\/em><br \/>\r\n<em>Stilla, sk\u00f6na aftontimma<\/em><\/p><div id=\"130329-link-663\" class=\"sh-link 130329-link sh-hide\"><p><a href=\"#\" onclick=\"showhide_toggle('130329', 663, 'Programme', 'Programme (close)'); return false;\"><span id=\"130329-toggle-663\">[Close]<\/span><\/a><\/p><\/div><\/div>\n<h4>15 March 21:00<\/h4>\n<p><a title=\"Johanneskyrkan\" href=\"https:\/\/www.svenskakyrkan.se\/malmo\/sanktjohanneskyrka\" target=\"_blank\">Nattkyrkan<\/a><br \/>\nSt. John&#8217;s Church, Malm\u00f6<\/p>\n<p><div id=\"130315-link-668\" class=\"sh-link 130315-link sh-hide\"><a href=\"#\" onclick=\"showhide_toggle('130315', 668, 'Programme', 'Programme (close)'); return false;\"><span id=\"130315-toggle-668\">Programme<\/span><\/a><\/div><div id=\"130315-content-668\" class=\"sh-content 130315-content sh-hide\" style=\"display: none;\"><br \/>\n<p>Gregorian chant<br \/>\r\n<em>Pange lingua gloriosi<\/em> <em>Thomas Aquinas<\/em><\/p>\r\n\r\n<p>Trad. Georgia<br \/>\r\n<em>Ts'mindao G'merto<\/em> (Holy God)<\/p>\r\n\r\n<p>Perotinus <em>(fl. c. 1200)<\/em><br \/>\r\n<em>Beata viscera<\/em><br \/>\r\n<em>Verbum bonum et suave<\/em><\/p>\r\n\r\n<p>Trad. Georgia<br \/>\r\n<em>Ts'intsq'aro<\/em><\/p>\r\n\r\n<p>John Plummer <em>(c. 1410 \u2013\u00a01480)<\/em><br \/>\r\n<em>Tota pulchra es<\/em><\/p>\r\n\r\n<p>John Dunstable <em>(c. 1390 \u2013\u00a01453)<\/em><br \/>\r\n<em>Quam pulchra es<\/em><br \/>\r\n<em>Sancta Maria<\/em><\/p>\r\n\r\n<p>Trad. Georgia<br \/>\r\n<em>Sjen char venachi<\/em> (Thou Art the Vine)<br \/>\r\n<em>Tchenoschnuri<\/em><\/p><div id=\"130315-link-668\" class=\"sh-link 130315-link sh-hide\"><p><a href=\"#\" onclick=\"showhide_toggle('130315', 668, 'Programme', 'Programme (close)'); return false;\"><span id=\"130315-toggle-668\">[Close]<\/span><\/a><\/p><\/div><\/div><\/p>","protected":false},"excerpt":{"rendered":"<p>15 December 13:00 Christmas service, Estonian congregation of southern Sweden St. Peter&#8217;s Priory, 26 October 14:00 Str\u00f8get, 21 September 20:00 Kulturnatten St. Peter&#8217;s Priory, 29 March 11:00 Good Friday service St. Mary&#8217;s Church, 15 March 21:00 Nattkyrkan St. John&#8217;s Church,<\/p>\n","protected":false},"author":2,"featured_media":0,"parent":0,"menu_order":0,"comment_status":"closed","ping_status":"open","template":"","meta":{"footnotes":""},"class_list":["post-77","page","type-page","status-publish","hentry"],"_links":{"self":[{"href":"https:\/\/www.machautmachine.com\/en\/wp-json\/wp\/v2\/pages\/77","targetHints":{"allow":["GET"]}}],"collection":[{"href":"https:\/\/www.machautmachine.com\/en\/wp-json\/wp\/v2\/pages"}],"about":[{"href":"https:\/\/www.machautmachine.com\/en\/wp-json\/wp\/v2\/types\/page"}],"author":[{"embeddable":true,"href":"https:\/\/www.machautmachine.com\/en\/wp-json\/wp\/v2\/users\/2"}],"replies":[{"embeddable":true,"href":"https:\/\/www.machautmachine.com\/en\/wp-json\/wp\/v2\/comments?post=77"}],"version-history":[{"count":41,"href":"https:\/\/www.machautmachine.com\/en\/wp-json\/wp\/v2\/pages\/77\/revisions"}],"predecessor-version":[{"id":1482,"href":"https:\/\/www.machautmachine.com\/en\/wp-json\/wp\/v2\/pages\/77\/revisions\/1482"}],"wp:attachment":[{"href":"https:\/\/www.machautmachine.com\/en\/wp-json\/wp\/v2\/media?parent=77"}],"curies":[{"name":"wp","href":"https:\/\/api.w.org\/{rel}","templated":true}]}}