{"id":785,"date":"2015-09-11T13:05:32","date_gmt":"2015-09-11T11:05:32","guid":{"rendered":"http:\/\/www.machautmachine.com\/?page_id=785"},"modified":"2015-09-11T13:13:42","modified_gmt":"2015-09-11T11:13:42","slug":"15-09-11-intro","status":"publish","type":"page","link":"https:\/\/www.machautmachine.com\/en\/program\/15-09-11-intro\/","title":{"rendered":"Inledning S:t Johannes 11 september 2015"},"content":{"rendered":"<p class=\"qtranxs-available-languages-message qtranxs-available-languages-message-en\">Sorry, this entry is only available in <a href=\"https:\/\/www.machautmachine.com\/sv\/wp-json\/wp\/v2\/pages\/785\" class=\"qtranxs-available-language-link qtranxs-available-language-link-sv\" title=\"Svenska\">Svenska<\/a>.<\/p><p>Den estniska tons\u00e4ttaren <a href=\"http:\/\/arvopart.ee\" title=\"Arvo P\u00e4rt\" target=\"_blank\">Arvo P\u00e4rt<\/a> fyller 80 \u00e5r i dag, den 11 september 2015, och det firar vi med att framf\u00f6ra tv\u00e5 av hans stycken, <em>Summa<\/em> och <em>Da pacem<\/em>.<\/p>\n<p>P\u00e4rt genomgick en kreativ kris i slutet av 60-talet, n\u00e4r han slutade skriva musik och i st\u00e4llet b\u00f6rjade studera gregoriansk s\u00e5ng och medeltida polyfoni. Till slut gav det arbetet frukt i form av det lilla pianostycket <em>F\u00fcr Alina<\/em> 1976, det f\u00f6rsta verket i <em>tintinnabuli<\/em>-tekniken, som kan s\u00e4gas vara en syntes av det gamla och det nya, av den medeltida vokalpolyfonin och 1900-talets seriella musik. P\u00e4rts f\u00f6rsta vokalverk i den nya tekniken, <em>Summa<\/em>, skrevs 1977. Texten \u00e4r m\u00e4ssans <em>Credo<\/em>-text, fr\u00e5n den nicenska trosbek\u00e4nnelsen.<\/p>\n<p><em>Da pacem<\/em> \u00e4r ett betydligt senare verk, skrivet till \u00e5minnelse av offren f\u00f6r terrorattacken i Madrid 2004. Dess budskap \u00e4r evigt aktuellt, och kanske s\u00e4rskilt en dag som denna.<\/p>\n<p>Josquin Des Prez <em>Missa Pange lingua<\/em> kan ocks\u00e5 s\u00e4gas fira jubileum i \u00e5r, d\u00e5 den allm\u00e4nna uppfattningen \u00e4r att den skrevs 1515, allts\u00e5 f\u00f6r precis 500 \u00e5r sedan.\u2028 Den blev Josquins sista m\u00e4ssa, och den utg\u00f6r en h\u00f6jdpunkt i hans musikaliska skapande. M\u00e4ssan bygger p\u00e5 hymnen Pange lingua, som man h\u00f6r i sin helhet i <em>superius<\/em>-st\u00e4mman, \u00f6verst\u00e4mman, i den sista, tredje delen av <em>Agnus Dei<\/em>.<\/p>\n<p><em>Laude Cortonese<\/em> av engelsmannen <a href=\"http:\/\/gavinbryars.com\" title=\"Gavin Bryars\" target=\"_blank\">Gavin Bryars<\/a> \u00e4r en v\u00e4xande samling s\u00e5nger (nu drygt 40 stycken) som bygger p\u00e5 en samling fr\u00e5n 1200-talets Cortona. D\u00e4r stod s\u00e5 kallade \u2019laudesi\u2019 utanf\u00f6r kyrkorna och sj\u00f6ng s\u00e5nger, laude, f\u00f6r att locka in f\u00f6rsamlingen till kyrkan. Dessa s\u00e5nger ingick inte i den liturgiska repertoaren och var ofta hyllningar till jungfru Maria. N\u00e4r Bryars h\u00f6rde Trio Medieaval sjunga laude p\u00e5 sin f\u00f6rsta skiva 2002 inspirerades han till att skriva egna laude f\u00f6r ensemblen, med de medeltida s\u00e5ngerna som f\u00f6rlagor. Vi framf\u00f6r tre av Bryars laude f\u00f6r tv\u00e5 och tre r\u00f6ster.<\/p>\n<p>Den georgiska folkliga vokalpolyfonin har ur\u00e5ldriga r\u00f6tter, och existerade redan f\u00f6re kristendomens intr\u00e4de i Georgien p\u00e5 300-talet. Den k\u00e4nnetecknas av en k\u00e4rv trest\u00e4mmighet och en melodik som v\u00e4xlar mellan st\u00e4mmorna. Vi sjunger tv\u00e5 georgiska folks\u00e5nger, en k\u00e4rlekss\u00e5ng, <em>Ts\u2019intsq\u2019aro<\/em> och en koral, <em>Helige Gud<\/em>. \u2028Den georgiska polyfonin \u00e4r sedan 2008 ett av Unescos immateriella kulturarv.<\/p>\n<p>Varmt v\u00e4lkomna!<\/p>","protected":false},"excerpt":{"rendered":"<p>Sorry, this entry is only available in Svenska.Den estniska tons\u00e4ttaren Arvo P\u00e4rt fyller 80 \u00e5r i dag, den 11 september 2015, och det firar vi med att framf\u00f6ra tv\u00e5 av hans stycken, Summa och Da pacem. P\u00e4rt genomgick en kreativ kris i slutet av 60-talet, n\u00e4r han slutade skriva musik och i st\u00e4llet b\u00f6rjade studera &hellip; <a href=\"https:\/\/www.machautmachine.com\/en\/program\/15-09-11-intro\/\" class=\"more-link\">Continue reading <span class=\"screen-reader-text\">Inledning S:t Johannes 11 september 2015<\/span><\/a><\/p>\n","protected":false},"author":2,"featured_media":0,"parent":586,"menu_order":1,"comment_status":"closed","ping_status":"closed","template":"","meta":{"footnotes":""},"class_list":["post-785","page","type-page","status-publish","hentry"],"_links":{"self":[{"href":"https:\/\/www.machautmachine.com\/en\/wp-json\/wp\/v2\/pages\/785","targetHints":{"allow":["GET"]}}],"collection":[{"href":"https:\/\/www.machautmachine.com\/en\/wp-json\/wp\/v2\/pages"}],"about":[{"href":"https:\/\/www.machautmachine.com\/en\/wp-json\/wp\/v2\/types\/page"}],"author":[{"embeddable":true,"href":"https:\/\/www.machautmachine.com\/en\/wp-json\/wp\/v2\/users\/2"}],"replies":[{"embeddable":true,"href":"https:\/\/www.machautmachine.com\/en\/wp-json\/wp\/v2\/comments?post=785"}],"version-history":[{"count":4,"href":"https:\/\/www.machautmachine.com\/en\/wp-json\/wp\/v2\/pages\/785\/revisions"}],"predecessor-version":[{"id":793,"href":"https:\/\/www.machautmachine.com\/en\/wp-json\/wp\/v2\/pages\/785\/revisions\/793"}],"up":[{"embeddable":true,"href":"https:\/\/www.machautmachine.com\/en\/wp-json\/wp\/v2\/pages\/586"}],"wp:attachment":[{"href":"https:\/\/www.machautmachine.com\/en\/wp-json\/wp\/v2\/media?parent=785"}],"curies":[{"name":"wp","href":"https:\/\/api.w.org\/{rel}","templated":true}]}}