{"id":923,"date":"2016-04-21T17:10:03","date_gmt":"2016-04-21T15:10:03","guid":{"rendered":"http:\/\/www.machautmachine.com\/?page_id=923"},"modified":"2016-05-23T13:04:27","modified_gmt":"2016-05-23T11:04:27","slug":"commissions","status":"publish","type":"page","link":"https:\/\/www.machautmachine.com\/en\/commissions\/","title":{"rendered":"Commissions"},"content":{"rendered":"<p><\/p>\n<p><em>2015<\/em> &#8211; Ivan Moody <em>(1964)<\/em><br \/>\n<div style=\"padding-left: 30px;\">Den stora tr\u00e4dg\u00e5rden <em>(Edith S\u00f6dergran)<\/em><br \/>\nWorld premi\u00e8re in St. Lawrence&#8217;s Church, Falkenberg 7 August 2016<\/div><\/p>\n<p><em>2016<\/em> &#8211; Ulrika Emanuelsson <em>(1965)<\/em><br \/>\n<div style=\"padding-left: 30px;\">Lunda laude gratuletur<br \/>\nWorld premi\u00e8re at <em>Lund Contemporary<\/em> 4 February 2017<\/div><\/p>\n<p><\/p>","protected":false},"excerpt":{"rendered":"<p>2015 &#8211; Ivan Moody (1964) 2016 &#8211; Ulrika Emanuelsson (1965)<\/p>\n","protected":false},"author":2,"featured_media":0,"parent":0,"menu_order":0,"comment_status":"closed","ping_status":"closed","template":"","meta":{"footnotes":""},"class_list":["post-923","page","type-page","status-publish","hentry"],"_links":{"self":[{"href":"https:\/\/www.machautmachine.com\/en\/wp-json\/wp\/v2\/pages\/923","targetHints":{"allow":["GET"]}}],"collection":[{"href":"https:\/\/www.machautmachine.com\/en\/wp-json\/wp\/v2\/pages"}],"about":[{"href":"https:\/\/www.machautmachine.com\/en\/wp-json\/wp\/v2\/types\/page"}],"author":[{"embeddable":true,"href":"https:\/\/www.machautmachine.com\/en\/wp-json\/wp\/v2\/users\/2"}],"replies":[{"embeddable":true,"href":"https:\/\/www.machautmachine.com\/en\/wp-json\/wp\/v2\/comments?post=923"}],"version-history":[{"count":10,"href":"https:\/\/www.machautmachine.com\/en\/wp-json\/wp\/v2\/pages\/923\/revisions"}],"predecessor-version":[{"id":973,"href":"https:\/\/www.machautmachine.com\/en\/wp-json\/wp\/v2\/pages\/923\/revisions\/973"}],"wp:attachment":[{"href":"https:\/\/www.machautmachine.com\/en\/wp-json\/wp\/v2\/media?parent=923"}],"curies":[{"name":"wp","href":"https:\/\/api.w.org\/{rel}","templated":true}]}}